{"id":115,"date":"2020-10-16T18:58:58","date_gmt":"2020-10-16T16:58:58","guid":{"rendered":"https:\/\/zants.wmi.amu.edu.pl\/en\/?page_id=115"},"modified":"2020-10-16T18:58:58","modified_gmt":"2020-10-16T16:58:58","slug":"publications","status":"publish","type":"page","link":"https:\/\/zants.wmi.amu.edu.pl\/en\/faculty\/piotr-mackowiak\/publications\/","title":{"rendered":"Publications"},"content":{"rendered":"<ol>\n<li>Bugajewski Dariusz, Ma\u0107kowiak Piotr: Continuity of roots, revisited, Bulletin of the Australian Mathematical Society, vol. 98, nr 3, 2018, ss. 448-455<\/li>\n<li>Idzik Adam, Kulpa W\u0142adys\u0142aw, Ma\u0107kowiak Piotr: On the size of a map, Fixed Point Theor-Ro, vol. 19, nr 2, 2018, ss. 595-610<\/li>\n<li>Ma\u0107kowiak Piotr: On the continuity of superposition operators in the space of functions of bounded variation, Aequationes Mathematicae, vol. 91, nr 4, 2017, ss. 759-777<\/li>\n<li>Bugajewski Dariusz, Bugajewska Daria, Kasprzak Piotr, Ma\u0107kowiak Piotr: Nonautonomous superposition operators in the spaces of functions of bounded variation, Topological Methods in Nonlinear Analysis, vol. 48, nr 2, 2016, ss. 637-660<\/li>\n<li>Ma\u0107kowiak Piotr: A combinatorial lemma and its applications, Journal of Inequalities and Applications, nr 105, 2016, ss. 1-22<\/li>\n<li>Bugajewski Dariusz, Ma\u0107kowiak Piotr: On knife-edge conditions with unbounded growth,Journal of Macroeconomics, vol. 45, 2015, ss. 274-283<\/li>\n<li>Kasprzak Piotr, Ma\u0107kowiak Piotr: Local Boundedness of Nonautonomous Superposition Operators in BV[0,1], Bulletin of the Australian Mathematical Society, vol. 92, nr 2, 2015, ss. 325-341<\/li>\n<li>Idzik Adam, Kulpa W\u0142adys\u0142aw, Ma\u0107kowiak Piotr: Equivalent forms of the Brouwer fixed point theorem, Topological Methods in Nonlinear Analysis, vol. 44, nr 1, 2014, ss. 263-276<\/li>\n<li>Ma\u0107kowiak Piotr: A counterexample to Ljamin&amp;#39;s theorem, Proceedings of the American Mathematical Society, vol. 142, nr 5, 2014, ss. 1773-1776<\/li>\n<li>Ma\u0107kowiak Piotr: The existence of equilibrium in a simple exchange model, w: Fixed Point Theory and Applications, nr 104, 2013, ss. 1-11<\/li>\n<li>Ma\u0107kowiak Piotr, Some equivalents of Brouwer\u2019s fixed point theorem and the existence of economic equilibrium. Quantitative Methods in Economics 2012(red. M.Mat\u0142oka), Wydawnictwo Uniwersytetu Ekonomicznego w Poznaniu, 2012, s.164-171<\/li>\n<li>Borkowski Marcin, Ma\u0107kowiak Piotr, Further remarks on formal power series, Comment. Math. Univ. Carolin 53 (4), 2012, 549-555<\/li>\n<li>Ma\u0107kowiak Piotr, Dow\u00f3d istnienia r\u00f3wnowagi w prostym modelu wymiany. Przypadek szczeg\u00f3lny. Analiza danych gospodarczych &#8211; metody i zastosowania (red. D.Appenzeller), Pozna\u0144, Wydawnictwo Uniwersytetu Ekonomicznego w Poznaniu, 2011, s.142-149<\/li>\n<li>Ma\u0107kowiak Piotr, The existence of equilibrium without fixed-point arguments. Journal of Mathematical Economics 2010, vol. 46(6), Elsevier B.V., s.1194-1199<\/li>\n<li>Ma\u0107kowiak Piotr, Adaptive rolling plans are good. Argumenta Oeconomica 2010, vol. 25(2), Wydawnictwo AE we Wroc\u0142awiu, s.118\u2013136<\/li>\n<li>Ma\u0107kowiak Piotr, A generalization of goodness property of adaptive rolling plans. Mathematics in Economics.(red. E.Panek), Wydawnictwo Uniwersytetu Ekonomicznegow Poznaniu, 2009, s.156\u2013170<\/li>\n<li>Ma\u0107kowiak Piotr, Adaptacyjne procesy krocz\u0105ce s\u0105 dobre w sensie Gale\u2019a. Metody ilo\u015bciowe w ekonomii. 2007 (red. M.Mat\u0142oka), Wydawnictwo Uniwersytetu Ekonomicznegow Poznaniu, 2007, s.209\u2013221<\/li>\n<li>Ma\u0107kowiak Piotr, Some remarks on lower hemicontinuity of convex multivalued mappings. Economic Theory 2006, vol. 28(1), Springer Verlag, s.227-233<\/li>\n<li>Ma\u0107kowiak Piotr, W\u0142asno\u015bci proces\u00f3w krocz\u0105cych w wieloproduktowej gospodarce z kapita\u0142em trwa\u0142ym, 3 Matematyka w ekonomii. 2006 (red. E.Panek), Wydawnictwo AE Pozna\u0144, 2006. s.106-127<\/li>\n<li>Kliber Pawe\u0142, Ma\u0107kowiak Piotr, Malaga Krzysztof, Konwergencja i nier\u00f3wno\u015bci regionalne w Polsce. Analiza w kategoriach neoklasycznych modeli wzrostu. Metody ilo\u015bciowe w ekonomii. 2005 (red. M.Mat\u0142oka), 2005, Wydawnictwo AE Pozna\u0144, s.185-209<\/li>\n<li>Ma\u0107kowiak Piotr, O ograniczono\u015bci dopuszczalnych proces\u00f3w wzrostu w modelach wieloproduktowych, Metody ilo\u015bciowe w ekonomii. 2005 (red. M.Mat\u0142oka), 2005, Wydawnictwo AE Pozna\u0144, s.249-263<\/li>\n<li>Ma\u0107kowiak Piotr, \u201eBardzo silna\u201d wersja twierdzenia o magistrali w wielosektorowym modelu wzrostu optymalnego typu Leontiefa-Gale\u2019a, Prace z ekonometrii finansowej. 2005 (red. W.Jurek), 2005, Wydawnictwo AE Pozna\u0144, s.235-254<\/li>\n<li>Kliber Pawe\u0142, Ma\u0107kowiak Piotr, Malaga Krzysztof, Application of neoclassical growth models to analysis of regional inequalities in Poland, Pozna\u0144 University of Economics Review, vol. 4(2), 2004, Wydawnictwo AE Pozna\u0144, s.46-66<\/li>\n<li>Ma\u0107kowiak Piotr, \u201dSilna\u201d wersja twierdzenia o magistrali w wielosektorowym modelu wzrostu optymalnego typu Leontiefa-Gale\u2018a, Matematyka w ekonomii (2004) (red.E.Panek), Wydawnictwo AE Pozna\u0144, 2004, s.43-55<\/li>\n<li>Ma\u0107kowiak Piotr, Sensitivity of optimal paths with respect to horizon length in a non-stationary multisector growth model, Pozna\u0144 University of Economics Review vol. 3(2), 2003, Wydawnictwo AE Pozna\u0144, s.31-40<\/li>\n<li>Ma\u0107kowiak Piotr, Efekt magistrali w uog\u00f3lnionym modelu Leontiefa-Gale\u2019a (red. A.Welfe). w: Metody ilo\u015bciowe w naukach ekonomicznych, 2002, Szko\u0142a G\u0142\u00f3wna Handlowa w Warszawie, s.87-98<\/li>\n<li>Ma\u0107kowiak Piotr, O istnieniu dodatniego rozwi\u0105zania zadania maksymalizacji u\u017cyteczno\u015bci, Prace z ekonometrii finansowej. 2002 (red. W.Jurek), Wydawnictwo AE Pozna\u0144, 2002, s.238-242<\/li>\n<li>Ma\u0107kowiak Piotr, Malaga Krzysztof, Convergence of the European Union Economies in the light of the Solow-Swan Model. w: Modelling Economies in Transition: proceedings of the Fourth International Conference (December 1-4 1999, Rydzyna &#8211; Poland), (W\u0142adys\u0142aw Welfe, Wdowi\u0144ski Piotr, eds), 2000, s. 188-200<\/li>\n<\/ol>\n","protected":false},"excerpt":{"rendered":"<p>Bugajewski Dariusz, Ma\u0107kowiak Piotr: Continuity of roots, revisited, Bulletin of the Australian Mathematical Society, vol. 98, nr 3, 2018, ss. 448-455 Idzik Adam, Kulpa W\u0142adys\u0142aw, Ma\u0107kowiak Piotr: On the size of a map, Fixed Point Theor-Ro, vol. 19, nr 2, 2018, ss. 595-610 Ma\u0107kowiak Piotr: On the continuity of superposition operators in the space of [&hellip;]<\/p>\n","protected":false},"author":1,"featured_media":0,"parent":113,"menu_order":0,"comment_status":"closed","ping_status":"closed","template":"","meta":[],"_links":{"self":[{"href":"https:\/\/zants.wmi.amu.edu.pl\/en\/wp-json\/wp\/v2\/pages\/115"}],"collection":[{"href":"https:\/\/zants.wmi.amu.edu.pl\/en\/wp-json\/wp\/v2\/pages"}],"about":[{"href":"https:\/\/zants.wmi.amu.edu.pl\/en\/wp-json\/wp\/v2\/types\/page"}],"author":[{"embeddable":true,"href":"https:\/\/zants.wmi.amu.edu.pl\/en\/wp-json\/wp\/v2\/users\/1"}],"replies":[{"embeddable":true,"href":"https:\/\/zants.wmi.amu.edu.pl\/en\/wp-json\/wp\/v2\/comments?post=115"}],"version-history":[{"count":1,"href":"https:\/\/zants.wmi.amu.edu.pl\/en\/wp-json\/wp\/v2\/pages\/115\/revisions"}],"predecessor-version":[{"id":116,"href":"https:\/\/zants.wmi.amu.edu.pl\/en\/wp-json\/wp\/v2\/pages\/115\/revisions\/116"}],"up":[{"embeddable":true,"href":"https:\/\/zants.wmi.amu.edu.pl\/en\/wp-json\/wp\/v2\/pages\/113"}],"wp:attachment":[{"href":"https:\/\/zants.wmi.amu.edu.pl\/en\/wp-json\/wp\/v2\/media?parent=115"}],"curies":[{"name":"wp","href":"https:\/\/api.w.org\/{rel}","templated":true}]}}