{"id":140,"date":"2020-11-09T20:46:16","date_gmt":"2020-11-09T19:46:16","guid":{"rendered":"https:\/\/zants.wmi.amu.edu.pl\/en\/?page_id=140"},"modified":"2020-11-09T20:50:19","modified_gmt":"2020-11-09T19:50:19","slug":"lectures","status":"publish","type":"page","link":"https:\/\/zants.wmi.amu.edu.pl\/en\/faculty\/waclaw-marzantowicz\/lectures\/","title":{"rendered":"Lectures"},"content":{"rendered":"<h2>International meetings: (invited lectures indicated by asterisks, lectures by plus)<\/h2>\n<ul>\n<li>&#8220;Global Analysis&#8221; &#8211; Szczyrk 1974<\/li>\n<li>&#8220;Topology&#8221; &#8211; Oberwolfach 1976<\/li>\n<li>&#8220;Partial differential equations&#8221; &#8211; Jaszowiec 1978<\/li>\n<li>&#8220;Nonlinear analysis&#8221;* &#8211; Oberwolfach (FRG) 1981<\/li>\n<li>&#8220;Colloquium on Topology&#8221; &#8211; Eger (Hungary) 1983<\/li>\n<li>&#8220;Group Transformation&#8221; &#8211; Pozna\u0144 1985<\/li>\n<li>&#8220;Nonlinear analysis&#8221;* Gda\u0144sk 1988<\/li>\n<li>&#8220;Colloquium on Topology&#8221; &#8211; Pecs (Hungary) 1988<\/li>\n<li>&#8220;Equadiff&#8221; -Prague, (Czechoslovakia) 1989<\/li>\n<li>&#8220;Nonlinear analysis&#8221; &#8211; Bachotek 1990<\/li>\n<li>&#8220;Bifurcation theory&#8221; &#8211; Woltersdorf\/ Berlin-Ost 1991 (Germany)<\/li>\n<li>&#8220;ODE Camp&#8221;* Clearwater Lake 1991 (Ontario-Canada)<\/li>\n<li>&#8220;Nonlinear Analysis \u2013 Variational &amp; Topological Methods&#8221;* Xalapa 1992 (Mexico)<\/li>\n<li>&#8220;Topological Methods in Nonlinear Analysis&#8221; &#8211; Toru\u0144 1993<\/li>\n<li>&#8220;Colloquium on Topology&#8221;+ &#8211; Szekszard (Hungary) 1993<\/li>\n<li>&#8220;Polish-German School on Dynamical Systems&#8221;- Aachen (Germany) 1994<\/li>\n<li>&#8220;Dynamical Systems &amp; Ergodic Theory&#8221; -Toru\u0144 1994<\/li>\n<li>&#8220;Topological &amp; Variationals Methods in Nonlinear Analysis&#8221; &#8211; Banach Center, Warsaw 1994<\/li>\n<li>&#8220;Topological &amp; Variationals Methods in Nonlinear Analysis&#8221;* &#8211; Gda\u0144sk 1994<\/li>\n<li>&#8220;Geometrical and Topological Methods in ODE&#8221;* &#8211; Oberwolfach (Germany) 1995<\/li>\n<li>&#8220;Topological &amp; Variationals Methods in Nonlinear Analysis&#8221;* &#8211; Banach Center Warsaw 1996<\/li>\n<li>&#8220;Nielsen number, Reidemeister torsion and zeta-function&#8221;* &#8211; Banach Center Warsaw 1996<\/li>\n<li>&#8220;Second International Congress of Nonlinear Analysis&#8221;* &#8211; Athens (Greece) 1996<\/li>\n<li>&#8220;Dynamical Systems &amp; Ergodic theory&#8221;- Berlin (Germany) 1996<\/li>\n<li>&#8220;Conference on Algebraic Topology&#8221; \u2013 Kazimierz 1997<\/li>\n<li>&#8220;Nielsen Theory &amp; Nonlinear Analysis&#8221;* &#8211; Cortona 1997 (Italy)<\/li>\n<li>&#8220;Conley index theory&#8221; Banach Center Warsaw 1997<\/li>\n<li>&#8220;Nonlinear Phenomena in Dynamical Systems&#8221;* &#8211; White-horse &#8211; Yukon 1997 (Canada)<\/li>\n<li>&#8220;Topological &amp; Variationals Methods in Nonlinear Analysis&#8221;* &#8211; Cuernavaca 1999 (Mexico)<\/li>\n<li>&#8220;Fixed Point Theory and Applications&#8221;* &#8211; Sao Paolo (Brazil) 1999<\/li>\n<li>&#8220;Juliusz Schauder Memory 2nd Conference on Nonlinear Analysis&#8221; &#8211; Toru\u0144 1999<\/li>\n<li>&#8220;Lusternik Memory Workshop on Nonlinear Analysis&#8221; &#8211; B\u0119dlewo 1999<\/li>\n<li>&#8220;Variational and Topological Meth in the Study of Nonlinear Phenomena&#8221;* &#8211; PISA 2000 (Italy)<\/li>\n<li>&#8220;Topological, Variational Methods in Nonlinear Analysis&#8221;* &#8211; B\u0119dlewo 2000<\/li>\n<li>&#8220;3rd World Congress of Nonlinear Anal., Catania 2000&#8243;* &#8211; Catania (Italy) 2000<\/li>\n<li>&#8220;Ergodic Theory &amp; Dynamical Systems&#8221;* &#8211; Toru\u0144 2000<\/li>\n<li>&#8220;Symposium on group transformation&#8221;* &#8211; Chiba 2000 (Japan)<\/li>\n<li>&#8220;3rd National Conference on Nonlinear Analysis&#8221; &#8211; \u0141\u00f3d\u017a 2001<\/li>\n<li>&#8220;Conference on Algebraic Topology \u2013 CAT 01&#8221; &#8211; Gda\u0144sk 2001<\/li>\n<li>&#8220;Topological Methods in Nonlinear Analysis&#8221;* &#8211; B\u0119dlewo 2001<\/li>\n<li>&#8220;Dynamical Systems and Differential Equations&#8221; &#8211; Willmington, NC, USA, 2002<\/li>\n<li>&#8220;Geometric Theory of Dynamical Systems&#8221; &#8211; Krak\u00f3w 2002<\/li>\n<li>&#8220;Geometric Topology&#8221;* &#8211; Xian (China) 2002<\/li>\n<li>&#8220;Nonlinear Functional Analysis&#8221;* &#8211; Taiyuan 2002<\/li>\n<li>&#8220;Topological, Variational Methods in Nonlinear Analysis&#8221;* &#8211; B\u0119dlewo 2003<\/li>\n<li>&#8220;Group Transformations&#8221;* &#8211; Helsinki (Finland) 2003<\/li>\n<li>&#8220;Geometric Theory of Dynamical Systems&#8221;* Newark, Delaware (USA) 2004<\/li>\n<li>&#8220;AIMS&#8217; 5-th Int. Conf. On Dynamical Systems and Diff Eqs., CalPoly&#8221; Pomona, CA (USA) 2004<\/li>\n<li>&#8220;International Conference on Nielsen Theory and Related Topics&#8221; * &#8211; St. Johns (Canada) 2004<\/li>\n<li>&#8220;Conference on Algebraic Topology&#8221;* &#8211; Krak\u00f3w 2005<\/li>\n<li>&#8220;Topological, Variational Methods in Part. Differential Equations&#8221; Guanajuato (Mexico) 2005<\/li>\n<li>&#8220;Dynamics, Topology and Computations&#8221; &#8211; B\u0119dlewo 2006<\/li>\n<li>&#8220;Int. Conf. on Nonlinear Operators, Diff. Eq. and Applications&#8221; Cluj-Napoca (Romania) 2007<\/li>\n<li>Summer school &#8220;Critical Point Theory and Applications&#8221;* Cluj-Napoca, (Romania) 2007<\/li>\n<li>&#8220;TTFPP 2007&#8221; &#8211; B\u0119dlewo 2007<\/li>\n<li>&#8220;Joint AMS-PTM meeting&#8221; &#8211; Warsaw 2007<\/li>\n<li>&#8220;Symposium on Nonlinear Analysis&#8221;* &#8211; Toru\u0144 2007<\/li>\n<li>&#8220;Conference on Algebraic and Geometric Topology&#8221;* \u2013 Gda\u0144sk 2008<\/li>\n<li>Conf, &#8220;Nonl. Diff. Eq.&#8221; in honor of J. Mawhin, Acad\u00e9mie Royale de Belgique, Brussels 2008<\/li>\n<li>&#8220;International Conference on Algebraic Topology 2008&#8243;* &#8211; Seoul (Korea) 2008<\/li>\n<li>&#8220;Nielsen Theory and Related Topics 2009&#8243;* &#8211; St. John&#8217;s Newfoundland (Canada) 2009<\/li>\n<li>&#8220;Conference on Algebraic Topology CAT&#8217;09&#8221; \u2013 Warsaw 2009<\/li>\n<li>&#8220;Workshop In Nonlinear Pdes&#8221;, in honor of J. Gossez, Brussels (Belgium) 2009<\/li>\n<li>&#8220;Bratislava Top. Symp., Group Actions and Homogenous Spaces&#8221;* &#8211; Bratislava (Slovakia) 2009<\/li>\n<li>&#8220;Conformal Structures and Dynamics (CODY) Third Year Conference&#8221; \u2013 B\u0119dlewo 2009<\/li>\n<li>&#8220;VII Encontro Regional de Top. (VIIERT)&#8221;*, in honor of D. L. Goncalves, Maresias (Brazil) 2009<\/li>\n<li>&#8220;8th AIMS Conf. on Dyn.l Sys., Diff. Equat. and Applications&#8221;*, Dresden , (Germany) &#8220;, 2010<\/li>\n<li>&#8221; Geometric Group Theory and Transformation Groups&#8221; \u2013 Pozna\u0144 2010<\/li>\n<li>&#8220;Topological Methods in Dynamical Systems&#8221;* &#8211; Campinas (Brazil) 2011<\/li>\n<li>Symposium on Nonlinear Analysis&#8221;* Toru\u0144, 2011<\/li>\n<li>PTM-ILMU, Polish-Izrael Mathematical Unions Joint meeting &#8211; \u0141\u00f3d\u017a 2011 (two sections talks)<\/li>\n<li>Ergodic Methods in Dynamics (Feliks Przytycki&#8217;s 60th birthday)* &#8211; B\u0119dlewo 2012<\/li>\n<li>&#8220;Special Thematic Session Session &#8220;Topology&#8221; during 6EMS&#8221;* &#8211; talk, 05.07.2012<\/li>\n<li>&#8220;Nielsen Theory and Related Topics&#8221; * &#8211; NIMS Daejon 2013<\/li>\n<li>&#8220;Applied Topology&#8221; -B\u0119dlewo 2013<\/li>\n<li>&#8220;5. Forum Matematyk\u00f3w Polskich&#8221; &#8211; Rzesz\u00f3w 2013<\/li>\n<li>&#8220;Discrete Groups and Geometric Structures, with Appl.&#8221; *- Leuven, Heverlee (Belgium) 2014,<\/li>\n<li>&#8220;19th Brazilian Topology Meeting&#8221; &#8211; Sao Jose do Rio Preto (Brazil) 2014<\/li>\n<li>&#8220;Joint meeting DMV-PTM&#8221; \u2013 Poznan 2014<\/li>\n<li>&#8220;Spring of Differential Equations in Gda\u0144sk&#8221;* &#8211; Gda\u0144sk 2015<\/li>\n<li>&#8220;Mi\u0119dzy teori\u0105 a zastosowaniami \u2013 matematyka w dzia\u0142aniu&#8221; \u2013 B\u0119dlewo 2015<\/li>\n<li>&#8220;Conference on Geometric Group Theory&#8221; &#8211; Wroc\u0142aw 2015<\/li>\n<li>&#8220;6 Forum Matematyk\u00f3w Polskich&#8221; \u2013 Warszawa 2015<\/li>\n<li>&#8220;VII Symposium on Nonlinear Analysis&#8221;* &#8211; Toru\u0144 2015<\/li>\n<li>EMS celebrates 25th anniversary &#8220;Challenges for the next 25 years&#8221; , IHP, Paris, 22.10.2015<\/li>\n<li>EMS Meeting of President &#8211; Budapest 2016<\/li>\n<li>Session in memory of Cz. Rylla-Nardzewskiego, UWr, PWr, Wroc\u0142aw, 27.05.2016<\/li>\n<li>&#8220;Nielsen Theory and Related Topics 2016&#8221; &#8211; Rio Claro*, SP 2016<\/li>\n<li>&#8220;7th European Congress of Mathematics&#8221;, Berlin 2016<\/li>\n<li>EMS Council Meeting &#8211; TUB Berlin, 2016<\/li>\n<li>7 Forum of Polish Mathematicians with Ukrainian Math. &#8211; Olsztyn 2016<\/li>\n<li>1st meeting of the Silkroad Math Center of Chinese Mathematical Society, Academy of Mathematics and System Science, Chinese Academy of Sciences, Beijing, 2016<\/li>\n<li>Meeting of Presidents of EMS \u2013 Lisboa, 2017<\/li>\n<li>International Conf. on Topol. Nonlinear Analysis, U. of Guangdzhou, Chiny, 2017<\/li>\n<li>8 Forum Matematyk\u00f3w Polskich, Lublin, 2017<\/li>\n<li>Wright College Topological Robotics Symposium, Chicago, 2018<\/li>\n<li>Special Workshop in <em>Nonlinear Analysis<\/em>, Toru\u0144, 2018<\/li>\n<li>Braids groups, Configuration spaces and Homotopy Theory, Salvador de Bahia, 2018<\/li>\n<li>ICM 2018, Rio de Janeiro, 2018<\/li>\n<li>XXI BRAZILIAN TOPOLOGY MEETING*, Niteroi, Rio de Janeiro, 2018<\/li>\n<li>Joint Meeting UMI-SIMAI-PTM , Wroc\u0142aw 2018, Session &#8220;Applied Topology &#8211; Geometric approach&#8221;<\/li>\n<li>EMS Meeting of Presidents at TU Berlin , Berlin, 2019-03-23<\/li>\n<li>Nielsen Theory and Related Topics, Kortrijk, 2019-06-03<\/li>\n<li>Jubileuszowy Zjazd Matematyk\u00f3w Polskich w stulecie PTM, Krak\u00f3w, 2019-09-03<\/li>\n<li>XII Encontro Regional de Topologia (ERT 2019), Aguas de Lindoia, 2019-10-14<\/li>\n<li>AMS Fall Southeastern Sectional Meeting University of Florida, Gainesville, FL , Gainesville, Floryda, 2019-11-02<\/li>\n<\/ul>\n<h2>&#8220;Colloquium lectures&#8221;, Seminar lectures<\/h2>\n<ul>\n<li>SNS &#8211; Pisa (Italy) 05.1984<\/li>\n<li>SISSA &#8211; Trieste (Italy) 06.1984<\/li>\n<li>CRM-UAB Barcelona (Spain) 05.1987<\/li>\n<li>U. Compultense &#8211; Madrid (Spain) 06.1987<\/li>\n<li>Univ. Autonoma de Madrid. &#8211; Madrid (Spain) 06.1987<\/li>\n<li>Inst. fuer Angewandte Math. Univ. Heidelberg (FRG) 09.02.1989;<\/li>\n<li>Coll. L-M Univ. Munich (FRG) 22.02.1989<\/li>\n<li>Coll. Univ. Regensburg (FRG) 16.06.1989<\/li>\n<li>Mathematisches Institut, Univ. Heidelberg 02.11.1989<\/li>\n<li>Coll. Univ. Hagen (FRG) 09.11.1989<\/li>\n<li>Univ. Konstanz (FRG) 21.12.1989<\/li>\n<li>Max Planck Institut fuer Mathematik, Bonn (FRG) 20.04.1990<\/li>\n<li>Univ. Kolonii (FRG) 21.04.1990<\/li>\n<li>Univ. Milan (Italy) 05.04.1990<\/li>\n<li>Dipt. di Sistem. Inform. Univ. Florence (Italy) 05.1990<\/li>\n<li>Univ. Bologna (Italy) 05.1990<\/li>\n<li>Dipt. di Matematica Applicata Univ. Pisa (Italy) 13.06.1990<\/li>\n<li>SISSA Trieste (Italy) 18.06.1990<\/li>\n<li>Coll. Univ. Alberta, Edmonton (Canada) 10.10.1991<\/li>\n<li>Fac. of Math. Univ. of Woronezh (Russia) 10.12.1992<\/li>\n<li>Mat. Inst., Univ. Heidelberg (Germany) 02.11.1993<\/li>\n<li>Mat. Inst. L.- M. Univ. Munich (Germany) 03.02.1994;<\/li>\n<li>Inst. di Matematica, Univ. Milan 08.02.95 (Italy);<\/li>\n<li>Coll. Univ. Alberta, Edmonton (Canada) 11.07.1997;<\/li>\n<li>Inst. Mat.i Univ. Jagiellonian 28.03.97<\/li>\n<li>Coll. Mat. Inst., L.- M. Univ. Munich (Germany) 14.05.1998<\/li>\n<li>Inst. de Mat., UNAM, Mexico City, 22.09.1998<\/li>\n<li>Dipt. di Matematica, Univ. Milan 17.12.98 (Italy)<\/li>\n<li>Dept. of Mat., Univ. Campinas 04.08.99 (Brazil)<\/li>\n<li>Dept. di Matematica, Pyrotechnical Univ. Torino (Italy) 15.02.2000<\/li>\n<li>Dept. di Matematica, Politechnika w Mediolanie (Italy) 24.02.2000<\/li>\n<li>Mat. Inst., Univ. Heidelberg (Germany) 16.05.2000<\/li>\n<li>Dipt. di Matematica, Univ. Bari (Italy) 11.07.2000<\/li>\n<li>Fac. of Math., Univ. Yamaguchi (Japan) 24.11.2000<\/li>\n<li>Fac. of Math., Univ. Kyoto (Japan) 30.10.2000<\/li>\n<li>Dept. di Matematica, Polytechnic Torino (Italy) 17.07.2001<\/li>\n<li>Wydz. Matem. i Inf., UMK Toru\u0144, 24.11.2001<\/li>\n<li>Coll. Inst. de Mat., UNAM, Mexico City, 06.12.2001;<\/li>\n<li>Coll. Dept. of Mathematics Univ. of Peking, Beijing, China 02.08.2002<\/li>\n<li>Coll. Dept. of Math. Univ. of Arizona, Tuscon, USA 31.11.2002<\/li>\n<li>Dept. of Math. Arizona State Univ., Tempe, USA, 07.11.2002<\/li>\n<li>Coll. Cent. de Invest. Mat., Guanajuato, Mexico, 29.01.2003<\/li>\n<li>Coll. Univ. of Nevada, Reno, USA, 19.02.2003<\/li>\n<li>Centre de Recercha Matematica, Spain 26.02.04, 08.03.04, 10.03.04<\/li>\n<li>Coll. Faculdad de Matematica, Univ. Grenada, Spain, 24.03.2004<\/li>\n<li>Department of Math. UCLA, Los Angeles, USA, 15.06.2004<\/li>\n<li>Department of Math., York University, Toronto, Canada, 23.06.2004<\/li>\n<li>Instituto de Matematicas UNAM, Cuernavaca, Mexico, 09.11.2004<\/li>\n<li>Coll. Institute de Matematicas UNAM, Morelia, Mexico, 17.11.2004<\/li>\n<li>Instituto de Matematicas UNAM, Mexico D.F, Mexico, 25.11.2004<\/li>\n<li>Faculty of Math, and Comp. Sci., Babes-Bolayi Univ. Cluj-Napoca, Romania, Coll. 11.08.2005<\/li>\n<li>Banach Center &amp; PTM, Warsaw, 19.10.2006<\/li>\n<li>Depart. de Matematica, Univ. de Malaga, Spain, 03.05.2007<\/li>\n<li>Univ. Bicocca di Milano, Italy, 15.01.2008<\/li>\n<li>Univ. di Genova, Italy, 18.01.2008<\/li>\n<li>Hannam University, Daejeon, Korea, 01.10.2008<\/li>\n<li>Kyungpook National University, Taegu, Korea, seminar, 29.09.2008<\/li>\n<li>Dept. of Math, Ohio State Univ., Columbus, USA, col. talk 04.12.2008<\/li>\n<li>W. Wright College of Chicago, 07-13.12.2008<\/li>\n<li>Pontif\u00edca Universidade Cat\u00f3lica do Rio de Janeiro, Brasil, seminar, 25-29.10.2009<\/li>\n<li>Yokohama National Univ., Japan, seminar, 31.08.2010<\/li>\n<li>Hannam University, Daejeon, Korea, lecture, 09.09.2010<\/li>\n<li>Mokwon University, Daejeon, Korea, lecture, 09.09.2010<\/li>\n<li>Chungnam National Univ. , Daejeon, Korea, lecture, 10.09.2010<\/li>\n<li>KAIST, Daejeon, Korea, seminar, 10.09.2010<\/li>\n<li>Korea University, Seoul, seminar 15.09.2010<\/li>\n<li>Sogang University, Seoul, colloquium, 16.09.2010<\/li>\n<li>Tsinghua Univ. Beijing, China, col. talk, 14.10.2010<\/li>\n<li>Peking Univ., Beijing, China, seminar, 18.10.2010<\/li>\n<li>USFSC Sao Carlos, Brazil, <em>col, 08.05.2011<\/em><\/li>\n<li>USP Sao Paulo, Brazil, <em>col.<\/em> 20.05.2011<\/li>\n<li>Inst Comp. Sciences, UJ, seminar talk 28.03.2013<\/li>\n<li>Univ. of Florida, USA, coll. 26.08.2013, seminar 27.08.2013<\/li>\n<li>Univ. of Alabama Auburn, USA, coll. 30.08.2013<\/li>\n<li>Tulane Univ., USA, seminar talk 05.09.2013<\/li>\n<li>Florida State Univ., USA, coll. 06.09.2013<\/li>\n<li>UJ, Krak\u00f3w, seminar talk, 20.11.2014<\/li>\n<li>U\u0141 \u0141\u00f3d\u017a, seminar, 23.01.2015<\/li>\n<li>Mohali ISSER, Chandighar, India, colloquium, 13.03.2015<\/li>\n<li>UMK, Toru\u0144, seminar, 21.10.2015<\/li>\n<li>UMCS, Lublin, colloquium 04.11.2015<\/li>\n<li>University of Ljubljana, Slovenia 25,26.06.2016, seminar talk+ colloquium<\/li>\n<li>Primorska University Koper, Slovenia 28.06.2016, colloquium<\/li>\n<li>Tianjin Technical University 05,06.12.2016, PR China seminar + colloquium<\/li>\n<li>AMSS, Chinese Acad. of Sciences, Beijing, PR of China, 08.12.2016<\/li>\n<li>Banach Center, Simons semester on PDE, sem. 23.02.2017<\/li>\n<li>Serbian Academy of Sci &amp; University of Belgrad, Serbia, 25, 26.10.2017, colloquium +seminar<\/li>\n<li>Federal Univ. of Ceara, Fortaleza, Brazil, 19.07.2018, seminar<\/li>\n<li>Federal Univ. of Sao Carlos, Brazil, 10.2019, colloquium &amp; seminar<\/li>\n<li>AMSS, Chinese Acad. of Sciences, Beijing, PR of China, 11.2019, colloquium<\/li>\n<li>Capital Normal University, Beijing, PR of China, 11.2019, colloquium &amp; seminar<\/li>\n<li>Northeastern Capital University, Changchun, PR of China, 12.2019, seminar<\/li>\n<li>Jiaotong University, Xi&#8217;an, PR of China, 12.2019, seminar<\/li>\n<\/ul>\n","protected":false},"excerpt":{"rendered":"<p>International meetings: (invited lectures indicated by asterisks, lectures by plus) &#8220;Global Analysis&#8221; &#8211; Szczyrk 1974 &#8220;Topology&#8221; &#8211; Oberwolfach 1976 &#8220;Partial differential equations&#8221; &#8211; Jaszowiec 1978 &#8220;Nonlinear analysis&#8221;* &#8211; Oberwolfach (FRG) 1981 &#8220;Colloquium on Topology&#8221; &#8211; Eger (Hungary) 1983 &#8220;Group Transformation&#8221; &#8211; Pozna\u0144 1985 &#8220;Nonlinear analysis&#8221;* Gda\u0144sk 1988 &#8220;Colloquium on Topology&#8221; &#8211; Pecs (Hungary) 1988 &#8220;Equadiff&#8221; [&hellip;]<\/p>\n","protected":false},"author":1,"featured_media":0,"parent":142,"menu_order":0,"comment_status":"closed","ping_status":"closed","template":"","meta":[],"_links":{"self":[{"href":"https:\/\/zants.wmi.amu.edu.pl\/en\/wp-json\/wp\/v2\/pages\/140"}],"collection":[{"href":"https:\/\/zants.wmi.amu.edu.pl\/en\/wp-json\/wp\/v2\/pages"}],"about":[{"href":"https:\/\/zants.wmi.amu.edu.pl\/en\/wp-json\/wp\/v2\/types\/page"}],"author":[{"embeddable":true,"href":"https:\/\/zants.wmi.amu.edu.pl\/en\/wp-json\/wp\/v2\/users\/1"}],"replies":[{"embeddable":true,"href":"https:\/\/zants.wmi.amu.edu.pl\/en\/wp-json\/wp\/v2\/comments?post=140"}],"version-history":[{"count":1,"href":"https:\/\/zants.wmi.amu.edu.pl\/en\/wp-json\/wp\/v2\/pages\/140\/revisions"}],"predecessor-version":[{"id":141,"href":"https:\/\/zants.wmi.amu.edu.pl\/en\/wp-json\/wp\/v2\/pages\/140\/revisions\/141"}],"up":[{"embeddable":true,"href":"https:\/\/zants.wmi.amu.edu.pl\/en\/wp-json\/wp\/v2\/pages\/142"}],"wp:attachment":[{"href":"https:\/\/zants.wmi.amu.edu.pl\/en\/wp-json\/wp\/v2\/media?parent=140"}],"curies":[{"name":"wp","href":"https:\/\/api.w.org\/{rel}","templated":true}]}}