{"id":31,"date":"2020-07-28T20:10:10","date_gmt":"2020-07-28T18:10:10","guid":{"rendered":"https:\/\/zants.wmi.amu.edu.pl\/en\/?page_id=31"},"modified":"2020-11-04T16:19:55","modified_gmt":"2020-11-04T15:19:55","slug":"phd-students","status":"publish","type":"page","link":"https:\/\/zants.wmi.amu.edu.pl\/en\/phd-students\/","title":{"rendered":"PhD students"},"content":{"rendered":"<p><img loading=\"lazy\" class=\"alignnone wp-image-40\" style=\"float: left; margin: 20px;\" src=\"https:\/\/zants.wmi.amu.edu.pl\/wp-content\/uploads\/2020\/06\/photodepart-296x300.jpeg\" alt=\"\" width=\"217\" height=\"220\" \/><\/p>\n<p>&nbsp;<\/p>\n<p>&nbsp;<\/p>\n<p>MSc Arturo Espinosa Baro<br \/>\nRoom: B1-30<br \/>\nPhone: 61 829 5501<br \/>\nConsultations: Wednesday and Friday 11:30 to 12:30<\/p>\n<p>&nbsp;<\/p>\n<p>&nbsp;<\/p>\n<p>&nbsp;<\/p>\n<p><img loading=\"lazy\" class=\"alignnone size-medium wp-image-38\" style=\"float: left; margin: 20px;\" src=\"https:\/\/zants.wmi.amu.edu.pl\/wp-content\/uploads\/2020\/06\/zdj\u0119cie-cv-228x300.png\" alt=\"\" width=\"228\" height=\"300\" \/><\/p>\n<p>&nbsp;<\/p>\n<p>&nbsp;<\/p>\n<p>&nbsp;<\/p>\n<p>MSc Robert Kolassa<\/p>\n<p>&nbsp;<\/p>\n<p>&nbsp;<\/p>\n<p>&nbsp;<\/p>\n<p>&nbsp;<\/p>\n<p><img loading=\"lazy\" class=\"alignnone size-medium wp-image-39\" style=\"float: left; margin: 20px;\" src=\"https:\/\/zants.wmi.amu.edu.pl\/wp-content\/uploads\/2020\/06\/lukasz-paszport-236x300.jpg\" alt=\"\" width=\"236\" height=\"300\" \/><\/p>\n<p>&nbsp;<\/p>\n<p>&nbsp;<\/p>\n<p>MSc \u0141ukasz Michalak<br \/>\nRoom: B1-22<br \/>\nPhone: 61 829-5491<br \/>\nConsultations: Monday, 11:30-12:30, Tuesday 12:00-1:00<\/p>\n<p><em>Dy\u017cur odbywa si\u0119 online (po um\u00f3wieniu) do odwo\u0142ania<\/em><\/p>\n<p>&nbsp;<\/p>\n<p>&nbsp;<\/p>\n<p>&nbsp;<\/p>\n<p>&nbsp;<\/p>\n","protected":false},"excerpt":{"rendered":"<p>&nbsp; &nbsp; MSc Arturo Espinosa Baro Room: B1-30 Phone: 61 829 5501 Consultations: Wednesday and Friday 11:30 to 12:30 &nbsp; &nbsp; &nbsp; &nbsp; &nbsp; &nbsp; MSc Robert Kolassa &nbsp; &nbsp; &nbsp; &nbsp; &nbsp; &nbsp; MSc \u0141ukasz Michalak Room: B1-22 Phone: 61 829-5491 Consultations: Monday, 11:30-12:30, Tuesday 12:00-1:00 Dy\u017cur odbywa si\u0119 online (po um\u00f3wieniu) do odwo\u0142ania [&hellip;]<\/p>\n","protected":false},"author":1,"featured_media":0,"parent":0,"menu_order":0,"comment_status":"closed","ping_status":"closed","template":"","meta":[],"_links":{"self":[{"href":"https:\/\/zants.wmi.amu.edu.pl\/en\/wp-json\/wp\/v2\/pages\/31"}],"collection":[{"href":"https:\/\/zants.wmi.amu.edu.pl\/en\/wp-json\/wp\/v2\/pages"}],"about":[{"href":"https:\/\/zants.wmi.amu.edu.pl\/en\/wp-json\/wp\/v2\/types\/page"}],"author":[{"embeddable":true,"href":"https:\/\/zants.wmi.amu.edu.pl\/en\/wp-json\/wp\/v2\/users\/1"}],"replies":[{"embeddable":true,"href":"https:\/\/zants.wmi.amu.edu.pl\/en\/wp-json\/wp\/v2\/comments?post=31"}],"version-history":[{"count":8,"href":"https:\/\/zants.wmi.amu.edu.pl\/en\/wp-json\/wp\/v2\/pages\/31\/revisions"}],"predecessor-version":[{"id":138,"href":"https:\/\/zants.wmi.amu.edu.pl\/en\/wp-json\/wp\/v2\/pages\/31\/revisions\/138"}],"wp:attachment":[{"href":"https:\/\/zants.wmi.amu.edu.pl\/en\/wp-json\/wp\/v2\/media?parent=31"}],"curies":[{"name":"wp","href":"https:\/\/api.w.org\/{rel}","templated":true}]}}